{"id":2021,"date":"2023-12-01T12:23:19","date_gmt":"2023-12-01T10:23:19","guid":{"rendered":"https:\/\/nommerehvid.ee\/?page_id=2021"},"modified":"2024-05-06T22:12:48","modified_gmt":"2024-05-06T19:12:48","slug":"e-pood","status":"publish","type":"page","link":"https:\/\/nommerehvid.ee\/ru\/e-pood\/","title":{"rendered":"E-pood"},"content":{"rendered":"<div data-elementor-type=\"wp-page\" data-elementor-id=\"2021\" class=\"elementor elementor-2021\">\n\t\t\t\t<div class=\"elementor-element elementor-element-27bba0a e-flex e-con-boxed wpr-particle-no wpr-jarallax-no wpr-parallax-no wpr-sticky-section-no e-con e-parent\" data-id=\"27bba0a\" data-element_type=\"container\" data-e-type=\"container\">\n\t\t\t\t\t<div class=\"e-con-inner\">\n\t\t\t\t<div class=\"elementor-element elementor-element-7b1104d elementor-widget elementor-widget-heading\" data-id=\"7b1104d\" data-element_type=\"widget\" data-e-type=\"widget\" data-widget_type=\"heading.default\">\n\t\t\t\t<div class=\"elementor-widget-container\">\n\t\t\t\t\t<h2 class=\"elementor-heading-title elementor-size-default\">PEATSELT TULEKUL<br><\/h2>\t\t\t\t<\/div>\n\t\t\t\t<\/div>\n\t\t\t\t<div class=\"elementor-element elementor-element-6629a0c elementor-widget elementor-widget-text-editor\" data-id=\"6629a0c\" data-element_type=\"widget\" data-e-type=\"widget\" data-widget_type=\"text-editor.default\">\n\t\t\t\t<div class=\"elementor-widget-container\">\n\t\t\t\t\t\t\t\t\t<p>Uute rehvide hindu k\u00fcsige meie rehvitehnikult v\u00f5i saatke meile hinnap\u00e4ring.<\/p>\t\t\t\t\t\t\t\t<\/div>\n\t\t\t\t<\/div>\n\t\t\t\t\t<\/div>\n\t\t\t\t<\/div>\n\t\t<div class=\"elementor-element elementor-element-b4e3bf1 e-flex e-con-boxed wpr-particle-no wpr-jarallax-no wpr-parallax-no wpr-sticky-section-no e-con e-parent\" data-id=\"b4e3bf1\" data-element_type=\"container\" data-e-type=\"container\">\n\t\t\t\t\t<div class=\"e-con-inner\">\n\t\t\t\t<div class=\"elementor-element elementor-element-76ce540 elementor-widget elementor-widget-image\" data-id=\"76ce540\" data-element_type=\"widget\" data-e-type=\"widget\" data-widget_type=\"image.default\">\n\t\t\t\t<div class=\"elementor-widget-container\">\n\t\t\t\t\t\t\t\t\t\t\t\t\t\t\t<img fetchpriority=\"high\" decoding=\"async\" width=\"768\" height=\"512\" src=\"https:\/\/nommerehvid.ee\/wp-content\/uploads\/2023\/12\/Nomme-rehvd-768x512.jpg\" class=\"attachment-medium_large size-medium_large wp-image-2033\" alt=\"\" srcset=\"https:\/\/nommerehvid.ee\/wp-content\/uploads\/2023\/12\/Nomme-rehvd-768x512.jpg 768w, https:\/\/nommerehvid.ee\/wp-content\/uploads\/2023\/12\/Nomme-rehvd-300x200.jpg 300w, https:\/\/nommerehvid.ee\/wp-content\/uploads\/2023\/12\/Nomme-rehvd-1024x682.jpg 1024w, https:\/\/nommerehvid.ee\/wp-content\/uploads\/2023\/12\/Nomme-rehvd-18x12.jpg 18w, https:\/\/nommerehvid.ee\/wp-content\/uploads\/2023\/12\/Nomme-rehvd-600x400.jpg 600w, https:\/\/nommerehvid.ee\/wp-content\/uploads\/2023\/12\/Nomme-rehvd.jpg 1280w\" sizes=\"(max-width: 768px) 100vw, 768px\" \/>\t\t\t\t\t\t\t\t\t\t\t\t\t\t\t<\/div>\n\t\t\t\t<\/div>\n\t\t\t\t\t<\/div>\n\t\t\t\t<\/div>\n\t\t\t\t<\/div>","protected":false},"excerpt":{"rendered":"<p>PEATSELT TULEKUL Uute rehvide hindu k\u00fcsige meie rehvitehnikult v\u00f5i saatke meile hinnap\u00e4ring.<\/p>","protected":false},"author":8,"featured_media":0,"parent":0,"menu_order":0,"comment_status":"closed","ping_status":"closed","template":"","meta":{"_monsterinsights_skip_tracking":false,"_monsterinsights_sitenote_active":false,"_monsterinsights_sitenote_note":"","_monsterinsights_sitenote_category":0,"site-sidebar-layout":"no-sidebar","site-content-layout":"page-builder","ast-site-content-layout":"full-width-container","site-content-style":"default","site-sidebar-style":"default","ast-global-header-display":"","ast-banner-title-visibility":"","ast-main-header-display":"","ast-hfb-above-header-display":"","ast-hfb-below-header-display":"","ast-hfb-mobile-header-display":"","site-post-title":"disabled","ast-breadcrumbs-content":"","ast-featured-img":"disabled","footer-sml-layout":"","ast-disable-related-posts":"","theme-transparent-header-meta":"","adv-header-id-meta":"","stick-header-meta":"","header-above-stick-meta":"","header-main-stick-meta":"","header-below-stick-meta":"","astra-migrate-meta-layouts":"set","ast-page-background-enabled":"default","ast-page-background-meta":{"desktop":{"background-color":"","background-image":"","background-repeat":"repeat","background-position":"center center","background-size":"auto","background-attachment":"scroll","background-type":"","background-media":"","overlay-type":"","overlay-color":"","overlay-opacity":"","overlay-gradient":""},"tablet":{"background-color":"","background-image":"","background-repeat":"repeat","background-position":"center center","background-size":"auto","background-attachment":"scroll","background-type":"","background-media":"","overlay-type":"","overlay-color":"","overlay-opacity":"","overlay-gradient":""},"mobile":{"background-color":"","background-image":"","background-repeat":"repeat","background-position":"center center","background-size":"auto","background-attachment":"scroll","background-type":"","background-media":"","overlay-type":"","overlay-color":"","overlay-opacity":"","overlay-gradient":""}},"ast-content-background-meta":{"desktop":{"background-color":"var(--ast-global-color-5)","background-image":"","background-repeat":"repeat","background-position":"center center","background-size":"auto","background-attachment":"scroll","background-type":"","background-media":"","overlay-type":"","overlay-color":"","overlay-opacity":"","overlay-gradient":""},"tablet":{"background-color":"var(--ast-global-color-5)","background-image":"","background-repeat":"repeat","background-position":"center center","background-size":"auto","background-attachment":"scroll","background-type":"","background-media":"","overlay-type":"","overlay-color":"","overlay-opacity":"","overlay-gradient":""},"mobile":{"background-color":"var(--ast-global-color-5)","background-image":"","background-repeat":"repeat","background-position":"center center","background-size":"auto","background-attachment":"scroll","background-type":"","background-media":"","overlay-type":"","overlay-color":"","overlay-opacity":"","overlay-gradient":""}},"footnotes":""},"class_list":["post-2021","page","type-page","status-publish","hentry"],"aioseo_notices":[],"_links":{"self":[{"href":"https:\/\/nommerehvid.ee\/ru\/wp-json\/wp\/v2\/pages\/2021","targetHints":{"allow":["GET"]}}],"collection":[{"href":"https:\/\/nommerehvid.ee\/ru\/wp-json\/wp\/v2\/pages"}],"about":[{"href":"https:\/\/nommerehvid.ee\/ru\/wp-json\/wp\/v2\/types\/page"}],"author":[{"embeddable":true,"href":"https:\/\/nommerehvid.ee\/ru\/wp-json\/wp\/v2\/users\/8"}],"replies":[{"embeddable":true,"href":"https:\/\/nommerehvid.ee\/ru\/wp-json\/wp\/v2\/comments?post=2021"}],"version-history":[{"count":14,"href":"https:\/\/nommerehvid.ee\/ru\/wp-json\/wp\/v2\/pages\/2021\/revisions"}],"predecessor-version":[{"id":2157,"href":"https:\/\/nommerehvid.ee\/ru\/wp-json\/wp\/v2\/pages\/2021\/revisions\/2157"}],"wp:attachment":[{"href":"https:\/\/nommerehvid.ee\/ru\/wp-json\/wp\/v2\/media?parent=2021"}],"curies":[{"name":"wp","href":"https:\/\/api.w.org\/{rel}","templated":true}]}}